{"id":10298,"date":"2022-10-13T12:27:11","date_gmt":"2022-10-13T12:27:11","guid":{"rendered":"https:\/\/www.ajsokoladas.lt\/apie-mus-eng\/"},"modified":"2022-11-18T09:51:48","modified_gmt":"2022-11-18T09:51:48","slug":"apie-mus-eng","status":"publish","type":"page","link":"https:\/\/www.ajsokoladas.lt\/en\/","title":{"rendered":"About Us"},"content":{"rendered":"\t\t<div data-elementor-type=\"wp-page\" data-elementor-id=\"10298\" class=\"elementor elementor-10298 elementor-27\" data-elementor-post-type=\"page\">\n\t\t\t\t\t\t<section class=\"elementor-section elementor-top-section elementor-element elementor-element-c4e8b69 elementor-section-boxed elementor-section-height-default elementor-section-height-default\" data-id=\"c4e8b69\" data-element_type=\"section\" data-e-type=\"section\" data-settings=\"{&quot;background_background&quot;:&quot;classic&quot;}\">\n\t\t\t\t\t\t<div class=\"elementor-container elementor-column-gap-default\">\n\t\t\t\t\t<div class=\"elementor-column elementor-col-100 elementor-top-column elementor-element elementor-element-55c3cfd\" data-id=\"55c3cfd\" data-element_type=\"column\" data-e-type=\"column\">\n\t\t\t<div class=\"elementor-widget-wrap elementor-element-populated\">\n\t\t\t\t\t\t<div class=\"elementor-element elementor-element-4aae4a1 elementor-widget elementor-widget-text-editor\" data-id=\"4aae4a1\" data-element_type=\"widget\" data-e-type=\"widget\" data-widget_type=\"text-editor.default\">\n\t\t\t\t<div class=\"elementor-widget-container\">\n\t\t\t\t\t\t\t\t\t<p>Chocolate Manufacture<\/p>\t\t\t\t\t\t\t\t<\/div>\n\t\t\t\t<\/div>\n\t\t\t\t<div class=\"elementor-element elementor-element-e9fbd9b elementor-widget elementor-widget-text-editor\" data-id=\"e9fbd9b\" data-element_type=\"widget\" data-e-type=\"widget\" data-widget_type=\"text-editor.default\">\n\t\t\t\t<div class=\"elementor-widget-container\">\n\t\t\t\t\t\t\t\t\t<p>About Us<\/p>\t\t\t\t\t\t\t\t<\/div>\n\t\t\t\t<\/div>\n\t\t\t\t\t<\/div>\n\t\t<\/div>\n\t\t\t\t\t<\/div>\n\t\t<\/section>\n\t\t\t\t<section class=\"elementor-section elementor-top-section elementor-element elementor-element-15eac7d elementor-section-boxed elementor-section-height-default elementor-section-height-default\" data-id=\"15eac7d\" data-element_type=\"section\" data-e-type=\"section\">\n\t\t\t\t\t\t<div class=\"elementor-container elementor-column-gap-default\">\n\t\t\t\t\t<div class=\"elementor-column elementor-col-50 elementor-top-column elementor-element elementor-element-bfd7618\" data-id=\"bfd7618\" data-element_type=\"column\" data-e-type=\"column\">\n\t\t\t<div class=\"elementor-widget-wrap elementor-element-populated\">\n\t\t\t\t\t\t<div class=\"elementor-element elementor-element-ac0aa12 elementor-widget-divider--view-line elementor-widget elementor-widget-divider\" data-id=\"ac0aa12\" data-element_type=\"widget\" data-e-type=\"widget\" data-widget_type=\"divider.default\">\n\t\t\t\t<div class=\"elementor-widget-container\">\n\t\t\t\t\t\t\t<div class=\"elementor-divider\">\n\t\t\t<span class=\"elementor-divider-separator\">\n\t\t\t\t\t\t<\/span>\n\t\t<\/div>\n\t\t\t\t\t\t<\/div>\n\t\t\t\t<\/div>\n\t\t\t\t<div class=\"elementor-element elementor-element-a6942af elementor-widget elementor-widget-text-editor\" data-id=\"a6942af\" data-element_type=\"widget\" data-e-type=\"widget\" data-widget_type=\"text-editor.default\">\n\t\t\t\t<div class=\"elementor-widget-container\">\n\t\t\t\t\t\t\t\t\t<p>The AJ \u0160okoladas Chocolate House is a company that makes handmade chocolates according to the finest Belgian traditions. Many of our confectionery\u00a0recipes are the creation of our in-house chocolatiers or the owner himself \u2013\u00a0<b>Algimantas Jablonskas<\/b>.<\/p><p>Almost every morning, fresh chocolates are delivered to our shops in Vilnius, Kaunas, Klaip\u0117da, \u0160iauliai and Ma\u017eeikiai. At these small, cosy shops that smell of fresh chocolate and genuine luxury, customers can select their favourites from over 150 different types of sweets. The retro-style setting, the sentimental music, and even the romantic uniforms that the staff wear remind many of a sweet childhood.<\/p><p>Give someone dear to you a gold box of chocolates with the AJ logo and our signature burgundy ribbon so that they can indulge in the highest quality chocolate and unearthly bliss\u2026<\/p>\t\t\t\t\t\t\t\t<\/div>\n\t\t\t\t<\/div>\n\t\t\t\t\t<\/div>\n\t\t<\/div>\n\t\t\t\t<div class=\"elementor-column elementor-col-50 elementor-top-column elementor-element elementor-element-8582a19\" data-id=\"8582a19\" data-element_type=\"column\" data-e-type=\"column\">\n\t\t\t<div class=\"elementor-widget-wrap elementor-element-populated\">\n\t\t\t\t\t\t<div class=\"elementor-element elementor-element-678c323 elementor-widget elementor-widget-image\" data-id=\"678c323\" data-element_type=\"widget\" data-e-type=\"widget\" data-widget_type=\"image.default\">\n\t\t\t\t<div class=\"elementor-widget-container\">\n\t\t\t\t\t\t\t\t\t\t\t\t\t\t\t<img fetchpriority=\"high\" decoding=\"async\" width=\"960\" height=\"720\" src=\"https:\/\/www.ajsokoladas.lt\/wp-content\/uploads\/2022\/06\/39146036_2309268602434369_3343113147757101056_n.jpg\" class=\"attachment-large size-large wp-image-206\" alt=\"sokoladas\" srcset=\"https:\/\/www.ajsokoladas.lt\/wp-content\/uploads\/2022\/06\/39146036_2309268602434369_3343113147757101056_n.jpg 960w, https:\/\/www.ajsokoladas.lt\/wp-content\/uploads\/2022\/06\/39146036_2309268602434369_3343113147757101056_n-300x225.jpg 300w, https:\/\/www.ajsokoladas.lt\/wp-content\/uploads\/2022\/06\/39146036_2309268602434369_3343113147757101056_n-768x576.jpg 768w, https:\/\/www.ajsokoladas.lt\/wp-content\/uploads\/2022\/06\/39146036_2309268602434369_3343113147757101056_n-600x450.jpg 600w\" sizes=\"(max-width: 960px) 100vw, 960px\" \/>\t\t\t\t\t\t\t\t\t\t\t\t\t\t\t<\/div>\n\t\t\t\t<\/div>\n\t\t\t\t\t<\/div>\n\t\t<\/div>\n\t\t\t\t\t<\/div>\n\t\t<\/section>\n\t\t\t\t<\/div>\n\t\t","protected":false},"excerpt":{"rendered":"<p>Chocolate Manufacture About Us The AJ \u0160okoladas Chocolate House is a company that makes handmade chocolates according to the finest Belgian traditions. Many of our confectionery\u00a0recipes are the creation of our in-house chocolatiers or the owner himself \u2013\u00a0Algimantas Jablonskas. Almost every morning, fresh chocolates are delivered to our shops in Vilnius, Kaunas, Klaip\u0117da, \u0160iauliai and [&hellip;]<\/p>\n","protected":false},"author":1,"featured_media":0,"parent":0,"menu_order":0,"comment_status":"closed","ping_status":"closed","template":"elementor_header_footer","meta":{"footnotes":""},"class_list":["post-10298","page","type-page","status-publish","hentry","entry","owp-thumbs-layout-horizontal","owp-btn-normal","owp-tabs-layout-horizontal","has-no-thumbnails","has-product-nav"],"yoast_head":"<!-- This site is optimized with the Yoast SEO plugin v27.5 - https:\/\/yoast.com\/product\/yoast-seo-wordpress\/ -->\n<title>About Us - AJ \u0160okoladas<\/title>\n<meta name=\"robots\" content=\"index, follow, max-snippet:-1, max-image-preview:large, max-video-preview:-1\" \/>\n<link rel=\"canonical\" href=\"https:\/\/www.ajsokoladas.lt\/en\/apie-mus-eng\/\" \/>\n<meta property=\"og:locale\" content=\"en_US\" \/>\n<meta property=\"og:type\" content=\"article\" \/>\n<meta property=\"og:title\" content=\"About Us - AJ \u0160okoladas\" \/>\n<meta property=\"og:description\" content=\"Chocolate Manufacture About Us The AJ \u0160okoladas Chocolate House is a company that makes handmade chocolates according to the finest Belgian traditions. Many of our confectionery\u00a0recipes are the creation of our in-house chocolatiers or the owner himself \u2013\u00a0Algimantas Jablonskas. Almost every morning, fresh chocolates are delivered to our shops in Vilnius, Kaunas, Klaip\u0117da, \u0160iauliai and [&hellip;]\" \/>\n<meta property=\"og:url\" content=\"https:\/\/www.ajsokoladas.lt\/en\/apie-mus-eng\/\" \/>\n<meta property=\"og:site_name\" content=\"AJ \u0160okoladas\" \/>\n<meta property=\"article:modified_time\" content=\"2022-11-18T09:51:48+00:00\" \/>\n<meta property=\"og:image\" content=\"https:\/\/www.ajsokoladas.lt\/wp-content\/uploads\/2022\/06\/39146036_2309268602434369_3343113147757101056_n.jpg\" \/>\n<meta name=\"twitter:card\" content=\"summary_large_image\" \/>\n<meta name=\"twitter:label1\" content=\"Est. reading time\" \/>\n\t<meta name=\"twitter:data1\" content=\"1 minute\" \/>\n<script type=\"application\/ld+json\" class=\"yoast-schema-graph\">{\"@context\":\"https:\\\/\\\/schema.org\",\"@graph\":[{\"@type\":\"WebPage\",\"@id\":\"https:\\\/\\\/www.ajsokoladas.lt\\\/en\\\/apie-mus-eng\\\/\",\"url\":\"https:\\\/\\\/www.ajsokoladas.lt\\\/en\\\/apie-mus-eng\\\/\",\"name\":\"About Us - AJ \u0160okoladas\",\"isPartOf\":{\"@id\":\"https:\\\/\\\/www.ajsokoladas.lt\\\/en\\\/#website\"},\"primaryImageOfPage\":{\"@id\":\"https:\\\/\\\/www.ajsokoladas.lt\\\/en\\\/apie-mus-eng\\\/#primaryimage\"},\"image\":{\"@id\":\"https:\\\/\\\/www.ajsokoladas.lt\\\/en\\\/apie-mus-eng\\\/#primaryimage\"},\"thumbnailUrl\":\"https:\\\/\\\/www.ajsokoladas.lt\\\/wp-content\\\/uploads\\\/2022\\\/06\\\/39146036_2309268602434369_3343113147757101056_n.jpg\",\"datePublished\":\"2022-10-13T12:27:11+00:00\",\"dateModified\":\"2022-11-18T09:51:48+00:00\",\"breadcrumb\":{\"@id\":\"https:\\\/\\\/www.ajsokoladas.lt\\\/en\\\/apie-mus-eng\\\/#breadcrumb\"},\"inLanguage\":\"en-US\",\"potentialAction\":[{\"@type\":\"ReadAction\",\"target\":[\"https:\\\/\\\/www.ajsokoladas.lt\\\/en\\\/apie-mus-eng\\\/\"]}]},{\"@type\":\"ImageObject\",\"inLanguage\":\"en-US\",\"@id\":\"https:\\\/\\\/www.ajsokoladas.lt\\\/en\\\/apie-mus-eng\\\/#primaryimage\",\"url\":\"https:\\\/\\\/www.ajsokoladas.lt\\\/wp-content\\\/uploads\\\/2022\\\/06\\\/39146036_2309268602434369_3343113147757101056_n.jpg\",\"contentUrl\":\"https:\\\/\\\/www.ajsokoladas.lt\\\/wp-content\\\/uploads\\\/2022\\\/06\\\/39146036_2309268602434369_3343113147757101056_n.jpg\"},{\"@type\":\"BreadcrumbList\",\"@id\":\"https:\\\/\\\/www.ajsokoladas.lt\\\/en\\\/apie-mus-eng\\\/#breadcrumb\",\"itemListElement\":[{\"@type\":\"ListItem\",\"position\":1,\"name\":\"Home\",\"item\":\"https:\\\/\\\/www.ajsokoladas.lt\\\/en\\\/apie-mus-eng\\\/\"},{\"@type\":\"ListItem\",\"position\":2,\"name\":\"About Us\"}]},{\"@type\":\"WebSite\",\"@id\":\"https:\\\/\\\/www.ajsokoladas.lt\\\/en\\\/#website\",\"url\":\"https:\\\/\\\/www.ajsokoladas.lt\\\/en\\\/\",\"name\":\"AJ \u0160okoladas\",\"description\":\"\",\"potentialAction\":[{\"@type\":\"SearchAction\",\"target\":{\"@type\":\"EntryPoint\",\"urlTemplate\":\"https:\\\/\\\/www.ajsokoladas.lt\\\/en\\\/?s={search_term_string}\"},\"query-input\":{\"@type\":\"PropertyValueSpecification\",\"valueRequired\":true,\"valueName\":\"search_term_string\"}}],\"inLanguage\":\"en-US\"}]}<\/script>\n<!-- \/ Yoast SEO plugin. -->","yoast_head_json":{"title":"About Us - AJ \u0160okoladas","robots":{"index":"index","follow":"follow","max-snippet":"max-snippet:-1","max-image-preview":"max-image-preview:large","max-video-preview":"max-video-preview:-1"},"canonical":"https:\/\/www.ajsokoladas.lt\/en\/apie-mus-eng\/","og_locale":"en_US","og_type":"article","og_title":"About Us - AJ \u0160okoladas","og_description":"Chocolate Manufacture About Us The AJ \u0160okoladas Chocolate House is a company that makes handmade chocolates according to the finest Belgian traditions. Many of our confectionery\u00a0recipes are the creation of our in-house chocolatiers or the owner himself \u2013\u00a0Algimantas Jablonskas. Almost every morning, fresh chocolates are delivered to our shops in Vilnius, Kaunas, Klaip\u0117da, \u0160iauliai and [&hellip;]","og_url":"https:\/\/www.ajsokoladas.lt\/en\/apie-mus-eng\/","og_site_name":"AJ \u0160okoladas","article_modified_time":"2022-11-18T09:51:48+00:00","og_image":[{"url":"https:\/\/www.ajsokoladas.lt\/wp-content\/uploads\/2022\/06\/39146036_2309268602434369_3343113147757101056_n.jpg","type":"","width":"","height":""}],"twitter_card":"summary_large_image","twitter_misc":{"Est. reading time":"1 minute"},"schema":{"@context":"https:\/\/schema.org","@graph":[{"@type":"WebPage","@id":"https:\/\/www.ajsokoladas.lt\/en\/apie-mus-eng\/","url":"https:\/\/www.ajsokoladas.lt\/en\/apie-mus-eng\/","name":"About Us - AJ \u0160okoladas","isPartOf":{"@id":"https:\/\/www.ajsokoladas.lt\/en\/#website"},"primaryImageOfPage":{"@id":"https:\/\/www.ajsokoladas.lt\/en\/apie-mus-eng\/#primaryimage"},"image":{"@id":"https:\/\/www.ajsokoladas.lt\/en\/apie-mus-eng\/#primaryimage"},"thumbnailUrl":"https:\/\/www.ajsokoladas.lt\/wp-content\/uploads\/2022\/06\/39146036_2309268602434369_3343113147757101056_n.jpg","datePublished":"2022-10-13T12:27:11+00:00","dateModified":"2022-11-18T09:51:48+00:00","breadcrumb":{"@id":"https:\/\/www.ajsokoladas.lt\/en\/apie-mus-eng\/#breadcrumb"},"inLanguage":"en-US","potentialAction":[{"@type":"ReadAction","target":["https:\/\/www.ajsokoladas.lt\/en\/apie-mus-eng\/"]}]},{"@type":"ImageObject","inLanguage":"en-US","@id":"https:\/\/www.ajsokoladas.lt\/en\/apie-mus-eng\/#primaryimage","url":"https:\/\/www.ajsokoladas.lt\/wp-content\/uploads\/2022\/06\/39146036_2309268602434369_3343113147757101056_n.jpg","contentUrl":"https:\/\/www.ajsokoladas.lt\/wp-content\/uploads\/2022\/06\/39146036_2309268602434369_3343113147757101056_n.jpg"},{"@type":"BreadcrumbList","@id":"https:\/\/www.ajsokoladas.lt\/en\/apie-mus-eng\/#breadcrumb","itemListElement":[{"@type":"ListItem","position":1,"name":"Home","item":"https:\/\/www.ajsokoladas.lt\/en\/apie-mus-eng\/"},{"@type":"ListItem","position":2,"name":"About Us"}]},{"@type":"WebSite","@id":"https:\/\/www.ajsokoladas.lt\/en\/#website","url":"https:\/\/www.ajsokoladas.lt\/en\/","name":"AJ \u0160okoladas","description":"","potentialAction":[{"@type":"SearchAction","target":{"@type":"EntryPoint","urlTemplate":"https:\/\/www.ajsokoladas.lt\/en\/?s={search_term_string}"},"query-input":{"@type":"PropertyValueSpecification","valueRequired":true,"valueName":"search_term_string"}}],"inLanguage":"en-US"}]}},"_links":{"self":[{"href":"https:\/\/www.ajsokoladas.lt\/en\/wp-json\/wp\/v2\/pages\/10298","targetHints":{"allow":["GET"]}}],"collection":[{"href":"https:\/\/www.ajsokoladas.lt\/en\/wp-json\/wp\/v2\/pages"}],"about":[{"href":"https:\/\/www.ajsokoladas.lt\/en\/wp-json\/wp\/v2\/types\/page"}],"author":[{"embeddable":true,"href":"https:\/\/www.ajsokoladas.lt\/en\/wp-json\/wp\/v2\/users\/1"}],"replies":[{"embeddable":true,"href":"https:\/\/www.ajsokoladas.lt\/en\/wp-json\/wp\/v2\/comments?post=10298"}],"version-history":[{"count":0,"href":"https:\/\/www.ajsokoladas.lt\/en\/wp-json\/wp\/v2\/pages\/10298\/revisions"}],"wp:attachment":[{"href":"https:\/\/www.ajsokoladas.lt\/en\/wp-json\/wp\/v2\/media?parent=10298"}],"curies":[{"name":"wp","href":"https:\/\/api.w.org\/{rel}","templated":true}]}}